{"id":1743,"date":"2023-06-20T15:38:53","date_gmt":"2023-06-20T15:38:53","guid":{"rendered":"http:\/\/europeg.com\/2023\/?page_id=1743"},"modified":"2023-06-21T09:03:34","modified_gmt":"2023-06-21T09:03:34","slug":"section-not-available-in-english","status":"publish","type":"page","link":"https:\/\/europeg.com\/en\/section-not-available-in-english\/","title":{"rendered":"Section not available in English"},"content":{"rendered":"<p>[et_pb_section fb_built=&#8221;1&#8243; _builder_version=&#8221;4.20.4&#8243; _module_preset=&#8221;default&#8221; background_enable_color=&#8221;off&#8221; use_background_color_gradient=&#8221;on&#8221; background_color_gradient_stops=&#8221;rgba(0,53,107,0.6) 0%|rgba(0,53,107,0.6) 100%&#8221; background_color_gradient_overlays_image=&#8221;on&#8221; background_image=&#8221;http:\/\/europeg.com\/wp-content\/uploads\/2023\/04\/policy_fons.webp&#8221; parallax=&#8221;on&#8221; custom_padding=&#8221;85px||85px||true|false&#8221; global_colors_info=&#8221;{}&#8221;][et_pb_row _builder_version=&#8221;4.20.4&#8243; _module_preset=&#8221;default&#8221; global_colors_info=&#8221;{}&#8221;][et_pb_column type=&#8221;4_4&#8243; _builder_version=&#8221;4.20.4&#8243; _module_preset=&#8221;default&#8221; global_colors_info=&#8221;{}&#8221;][et_pb_text _builder_version=&#8221;4.21.0&#8243; _module_preset=&#8221;default&#8221; header_2_font=&#8221;Frank Ruhl Libre||||||||&#8221; header_2_text_color=&#8221;#FFFFFF&#8221; header_2_font_size=&#8221;48px&#8221; text_orientation=&#8221;center&#8221; global_colors_info=&#8221;{}&#8221;]<\/p>\n<h2>Section not available in English<\/h2>\n<p>[\/et_pb_text][\/et_pb_column][\/et_pb_row][\/et_pb_section][et_pb_section fb_built=&#8221;1&#8243; admin_label=&#8221;section&#8221; _builder_version=&#8221;4.21.0&#8243; custom_padding=&#8221;50px||50px||true|false&#8221; bottom_divider_color=&#8221;#e8f5fc&#8221; bottom_divider_height=&#8221;18px&#8221; hover_enabled=&#8221;0&#8243; global_colors_info=&#8221;{}&#8221; sticky_enabled=&#8221;0&#8243;][et_pb_row _builder_version=&#8221;4.21.0&#8243; _module_preset=&#8221;default&#8221; custom_padding=&#8221;||10px||false|false&#8221; global_colors_info=&#8221;{}&#8221;][et_pb_column type=&#8221;4_4&#8243; _builder_version=&#8221;4.20.4&#8243; _module_preset=&#8221;default&#8221; global_colors_info=&#8221;{}&#8221;][et_pb_text _builder_version=&#8221;4.21.0&#8243; _module_preset=&#8221;default&#8221; text_font=&#8221;Roboto Condensed|||on|||||&#8221; text_text_color=&#8221;#222222&#8243; text_font_size=&#8221;26px&#8221; text_line_height=&#8221;1.3em&#8221; text_orientation=&#8221;center&#8221; width=&#8221;80%&#8221; width_tablet=&#8221;100%&#8221; width_phone=&#8221;100%&#8221; width_last_edited=&#8221;on|tablet&#8221; max_width_tablet=&#8221;100%&#8221; max_width_phone=&#8221;100%&#8221; max_width_last_edited=&#8221;on|phone&#8221; module_alignment=&#8221;center&#8221; custom_margin=&#8221;||10px||false|false&#8221; custom_margin_tablet=&#8221;||10px||false|false&#8221; custom_margin_phone=&#8221;-10px||40px||false|false&#8221; custom_margin_last_edited=&#8221;on|phone&#8221; custom_padding=&#8221;||||false|false&#8221; text_font_size_tablet=&#8221;26px&#8221; text_font_size_phone=&#8221;24px&#8221; text_font_size_last_edited=&#8221;on|phone&#8221; global_colors_info=&#8221;{}&#8221;]<strong>You can access content in Spanish<\/strong>[\/et_pb_text][\/et_pb_column][\/et_pb_row][et_pb_row use_custom_gutter=&#8221;on&#8221; custom_padding_last_edited=&#8221;on|phone&#8221; _builder_version=&#8221;4.21.0&#8243; _module_preset=&#8221;default&#8221; width_tablet=&#8221;&#8221; width_phone=&#8221;90%&#8221; width_last_edited=&#8221;on|phone&#8221; custom_margin=&#8221;20px||60px||false|false&#8221; custom_padding=&#8221;50px|44px|30px|44px|false|true&#8221; custom_padding_tablet=&#8221;40px|44px|40px|44px|true|true&#8221; custom_padding_phone=&#8221;30px|30px|30px|30px|true|true&#8221; custom_css_main_element=&#8221;display: flex;||align-items: center;&#8221; box_shadow_style=&#8221;preset3&#8243; box_shadow_blur=&#8221;56px&#8221; box_shadow_spread=&#8221;-7px&#8221; box_shadow_color=&#8221;rgba(0,0,0,0.15)&#8221; locked=&#8221;off&#8221; global_colors_info=&#8221;{}&#8221; custom_css_main_element_last_edited=&#8221;on|tablet&#8221; custom_css_main_element_tablet=&#8221;display: block;&#8221; custom_css_main_element_phone=&#8221;display: block;&#8221; sticky_enabled=&#8221;0&#8243;][et_pb_column type=&#8221;4_4&#8243; _builder_version=&#8221;4.21.0&#8243; _module_preset=&#8221;default&#8221; global_colors_info=&#8221;{}&#8221;][et_pb_text _builder_version=&#8221;4.21.0&#8243; _module_preset=&#8221;default&#8221; header_2_font=&#8221;Frank Ruhl Libre||||||||&#8221; header_3_font=&#8221;Frank Ruhl Libre|700|||||||&#8221; header_3_font_size=&#8221;26px&#8221; global_colors_info=&#8221;{}&#8221; link_text_color=&#8221;#0C71C3&#8243; link_font_size=&#8221;18px&#8221; text_font_size=&#8221;16px&#8221; sticky_enabled=&#8221;0&#8243; link_font=&#8221;Frank Ruhl Libre|700|||||||&#8221; link_line_height=&#8221;1.4em&#8221;]<\/p>\n<ul>\n<ul>\n<li><a href=\"http:\/\/europeg.com\/noticias\/\">News in Spanish<\/a><\/li>\n<li><a href=\"http:\/\/europeg.com\/notas-de-prensa\/\">Press Notes in Spanish<\/a><\/li>\n<li><a href=\"http:\/\/europeg.com\/documentos-2\/\">Documents in Spanish<\/a><\/li>\n<li><a href=\"http:\/\/europeg.com\/europeg-en-los-medios\/\">Media europeG in Spanish<\/a><\/li>\n<\/ul>\n<\/ul>\n<div style=\"margin-bottom:10px\">You can download<\/div>\n<ul>\n<li><a href=\"http:\/\/europeg.com\/wp-content\/uploads\/nota_prensa_en.doc\">EuropeG\u2019s presentation International Press Note in English (2012)<\/a><\/li>\n<\/ul>\n<p>[\/et_pb_text][\/et_pb_column][\/et_pb_row][\/et_pb_section]<\/p>\n","protected":false},"excerpt":{"rendered":"<p>Section not available in EnglishYou can access content in Spanish News in Spanish Press Notes in Spanish Documents in Spanish Media europeG in Spanish You can download EuropeG\u2019s presentation International Press Note in English (2012)<\/p>\n","protected":false},"author":3,"featured_media":0,"parent":0,"menu_order":0,"comment_status":"closed","ping_status":"closed","template":"","meta":{"_acf_changed":false,"_et_pb_use_builder":"on","_et_pb_old_content":"<!-- wp:shortcode -->\n[et_pb_section fb_built=\"1\" _builder_version=\"4.20.4\" _module_preset=\"default\" background_enable_color=\"off\" use_background_color_gradient=\"on\" background_color_gradient_stops=\"rgba(0,53,107,0.6) 0%|rgba(0,53,107,0.6) 100%\" background_color_gradient_overlays_image=\"on\" background_image=\"http:\/\/europeg.com\/wp-content\/uploads\/2023\/04\/policy_fons.webp\" parallax=\"on\" custom_padding=\"85px||85px||true|false\" global_colors_info=\"{}\"][et_pb_row _builder_version=\"4.20.4\" _module_preset=\"default\" global_colors_info=\"{}\"][et_pb_column type=\"4_4\" _builder_version=\"4.20.4\" _module_preset=\"default\" global_colors_info=\"{}\"][et_pb_text _builder_version=\"4.20.4\" _module_preset=\"default\" header_2_font=\"Frank Ruhl Libre||||||||\" header_2_text_color=\"#FFFFFF\" header_2_font_size=\"48px\" text_orientation=\"center\" global_colors_info=\"{}\"]\n<h2>Miembros<\/h2>\n[\/et_pb_text][\/et_pb_column][\/et_pb_row][\/et_pb_section]\n<!-- \/wp:shortcode -->\n\n<!-- wp:shortcode -->\n[et_pb_section fb_built=\"1\" admin_label=\"section\" _builder_version=\"4.20.4\" custom_padding=\"50px||0px||false|false\" bottom_divider_color=\"#e8f5fc\" bottom_divider_height=\"18px\" global_colors_info=\"{}\"][et_pb_row _builder_version=\"4.20.4\" _module_preset=\"default\" global_colors_info=\"{}\"][et_pb_column type=\"4_4\" _builder_version=\"4.20.4\" _module_preset=\"default\" global_colors_info=\"{}\"][et_pb_text _builder_version=\"4.20.4\" _module_preset=\"default\" text_font=\"Roboto Condensed|||on|||||\" text_text_color=\"#222222\" text_font_size=\"22px\" text_orientation=\"center\" custom_padding=\"||||false|false\" hover_enabled=\"0\" global_colors_info=\"{}\" text_line_height=\"1.3em\" sticky_enabled=\"0\"]\n\n<strong>EuropeG est\u00e1 integrado por expertos de reconocido prestigio en el \u00e1mbito de la econom\u00eda.<\/strong>\n\n[\/et_pb_text][\/et_pb_column][\/et_pb_row][\/et_pb_section]\n<!-- \/wp:shortcode -->\n\n<!-- wp:shortcode -->\n[et_pb_section fb_built=\"1\" admin_label=\"section\" _builder_version=\"4.20.4\" background_enable_color=\"off\" custom_padding=\"30px||30px||true|false\" global_colors_info=\"{}\"][et_pb_row custom_padding_last_edited=\"on|desktop\" admin_label=\"row\" _builder_version=\"4.20.4\" background_color=\"#FFFFFF\" background_size=\"initial\" background_position=\"top_left\" background_repeat=\"repeat\" custom_padding=\"45px|40px|45px|40px|true|true\" custom_padding_tablet=\"40px|40px|40px|40px|true|true\" custom_padding_phone=\"25px|20px|25px|20px|true|true\" hover_enabled=\"0\" box_shadow_style=\"preset1\" box_shadow_blur=\"42px\" box_shadow_color=\"rgba(0,0,0,0.1)\" global_colors_info=\"{}\" sticky_enabled=\"0\"][et_pb_column type=\"4_4\" _builder_version=\"4.16\" custom_padding=\"|||\" global_colors_info=\"{}\" custom_padding__hover=\"|||\"][et_pb_text admin_label=\"Text\" _builder_version=\"4.20.4\" header_4_font=\"Frank Ruhl Libre|900|||||||\" header_4_text_color=\"#222222\" header_4_font_size=\"22px\" background_size=\"initial\" background_position=\"top_left\" background_repeat=\"repeat\" custom_padding=\"0px|||||\" global_colors_info=\"{}\"]\n<div class=\"aboutholder\">\n<div id=\"uno\" class=\"aboutBox\">\n\n<img class=\"pull-left alignleft size-full wp-image-25\" style=\"float: left;\" title=\"Josep Oliver\" src=\"http:\/\/europeg.com\/wp-content\/uploads\/2011\/11\/antoni.jpg\" alt=\"Antoni Castells\" width=\"100\" height=\"100\">\n<div class=\"aboutDetails\">\n<h4>Antoni Castells<\/h4>\n<em>Director EuropeG<\/em>\n\n&nbsp;\n\n&nbsp;\n\nDoctor en Ciencias Econ\u00f3micas por la Universidad de Barcelona, es Catedr\u00e1tico de Hacienda P\u00fablica de la Universidad de Barcelona. Autor de numerosos art\u00edculos y libros relacionados con el tema de la hacienda p\u00fablica, federalismo fiscal y finanzas auton\u00f3micas.\n\nHa sido director del Departamento de Econom\u00eda Pol\u00edtica, Hacienda P\u00fablica y Derecho Financiero y Tributario de dicha universidad, profesor visitante de la Johns Hopkins University (Baltimore), fundador y codirector del curso de Posgrado (actualmente, M\u00e1ster) en Hacienda Auton\u00f3mica y Local y cofundador y primer director del IEB (Institut d\u2019Economia de Barcelona), centro de investigaci\u00f3n de referencia en federalismo fiscal y econom\u00eda regional.\n\nTras su paso como economista en la Divisi\u00f3n Internacional de Banca Catalana, el Servicio de Estudios de Banca Catalana y la Corporaci\u00f3n Metropolitana de Barcelona, ha sido s\u00edndico de la Sindicatura de Cuentas de Catalunya, miembro de la Comisi\u00f3n Mixta de Valoraciones Estado-Generalitat, miembro espa\u00f1ol del Tribunal de Cuentas Europeo, parlamentario en el Parlamento de Catalunya y consejero de Econom\u00eda y Finanzas del Gobierno de la Generalitat de Catalunya (2003-2010).\n\nEs presidente del Consejo Asesor de la Fundaci\u00f3n Catalunya-Europa, miembro del Consejo Consultivo de FUNCAS y miembro del Patronato de la Fundaci\u00f3n Arxiu Tarradellas.\n\n&nbsp;\n\n&nbsp;\n\n<\/div>\n<\/div>\n<!--\n<div id=\"dos\" class=\"aboutBox\">\n\n<img class=\" size-full wp-image-24\" src=\"http:\/\/europeg.com\/wp-content\/uploads\/2011\/11\/manuel.jpg\" alt=\"Manuel Castells\" title=\"Manuel Castells\" width=\"100\" height=\"100\" \/>\n<div class=\"aboutDetails\">\n<h4>Manuel Castells<\/h4>\n&nbsp;\n\nDoctor en Sociolog\u00eda por la Universidad de Par\u00eds y la Universidad Complutense de Madrid. Doctor de Estado en Letras y Ciencias Humanas por la Universidad de Par\u00eds-V, es catedr\u00e1tico de sociolog\u00eda y Director del Internet Interdisciplinary Institute de la Universitat Oberta de Catalunya (UOC), en Barcelona. Tambi\u00e9n es Catedr\u00e1tico de Sociolog\u00eda y titular de la C\u00e1tedra de Wallis Annenberg de Tecnolog\u00eda de Comunicaci\u00f3n y Sociedad en la University of Southern California, Los \u00c1ngeles.\n\nEs autor de numerosos libros y art\u00edculos y fue profesor en la Universidad de Par\u00eds, en la Universidad Aut\u00f3noma de Madrid, en el Consejo Superior de Investigaciones Cient\u00edficas (CSIC) en Barcelona y Catedr\u00e1tico em\u00e9rito de Sociolog\u00eda y de Planificaci\u00f3n Urbana y Regional de la Universidad de California, Berkeley. En 2010, fue nombrado miembro del Consejo Acad\u00e9mico de la Biblioteca del Congreso de Estados Unidos y miembro correspondiente de la Academia Mexicana de las Ciencias. Tambi\u00e9n, fue galardonado con la Medalla Erasmus de la Academia Europea. En 2011, ingres\u00f3 en la Academia Americana de las Ciencias Pol\u00edticas y Sociales (American Academy of Political and Social Science) como Harold Lasswell Fellow.\n\nHa desempe\u00f1ado cargos tales como profesor visitante distinguido en el Massachussets Institute of Technology, en la Universidad de Oxford y en la Universidad de Santa Clara. Desde 2009, es profesor visitante permanente del Stellenbosch Institute for Advanced Study, en Sud\u00e1frica. Adem\u00e1s, ha sido profesor visitante en 17 universidades de todo el mundo e invitado como conferenciante en cientos de instituciones acad\u00e9micas y profesionales en 45 pa\u00edses. Ha recibido, entre otras distinciones, la beca Guggenheim, el Premio Wright Mills por la Sociedad Americana para el Estudio de los Problemas Sociales, el Premio Robert y Helen Lund, de la Asociaci\u00f3n Americana de Sociolog\u00eda, el Premio Ithiel de Sola Pool de la Asociaci\u00f3n Americana de Ciencia Pol\u00edtica, la Medalla de las Ciencias de Catalu\u00f1a, el Premio Nacional de Sociolog\u00eda y Ciencias Pol\u00edticas de Espa\u00f1a, la Orden del Le\u00f3n de Finlandia, la Orden de las Artes y de las letras del Gobierno Franc\u00e9s, la Orden Gabriela Mistral del presidente de Chile, la Orden de Santiago del presidente de Portugal y la Creu de Sant Jordi, del Gobierno de Catalu\u00f1a. Es doctor honoris causa por 15 universidades en Europa, Am\u00e9rica del Norte, Latinoam\u00e9rica y Asia y tiene diversas c\u00e1tedras honor\u00edficas y medallas universitarias.\n\nEs miembro de la Real Academia de las Ciencias Econ\u00f3micas y Financieras, de la Academia Europea y acad\u00e9mico correspondiente de la Academia Brit\u00e1nica. Fue miembro del Comit\u00e9 Asesor del secretario general de las Naciones Unidas sobre Tecnolog\u00edas de Informaci\u00f3n y Comunicaci\u00f3n y Desarrollo Global y del Comit\u00e9 Asesor del secretario general de Naciones Unidas sobre la Sociedad Civil Global. Asimismo, es miembro del Consejo de Administraci\u00f3n del California Institute of the Arts. En 2005, fue nombrado, por parte de la Comisi\u00f3n Europea, miembro fundador del Consejo Cient\u00edfico del Consejo Europeo de Investigaci\u00f3n. En 2008, fue designado miembro del Consejo del Governing Board del European Institute of Innovation and Technology (EIT), creado por la Uni\u00f3n Europea con el fin de fomentar la cooperaci\u00f3n en investigaci\u00f3n entre universidades, empresas y la sociedad.<\/div>\n<\/div>\n-->\n<div id=\"tres\" class=\"aboutBox\">\n\n<img class=\"pull-left alignleft size-full wp-image-25\" style=\"float: left;\" title=\"Josep Oliver\" src=\"http:\/\/europeg.com\/wp-content\/uploads\/2011\/11\/josep.jpg\" alt=\"Josep Oliver\" width=\"100\" height=\"100\">\n<div class=\"aboutDetails\">\n<h4>Josep Oliver<\/h4>\n<em>Codirector EuropeG<\/em>\n\n&nbsp;\n\n&nbsp;\n\nDoctor en Ciencias Econ\u00f3micas por la Universidad Aut\u00f3noma de Barcelona, es catedr\u00e1tico de Econom\u00eda Aplicada de la Universidad Aut\u00f3noma de Barcelona. Es autor de numerosos trabajos sobre el an\u00e1lisis del consumo e inversi\u00f3n en capital humano de las familias, la distribuci\u00f3n de la renta y el an\u00e1lisis de las econom\u00edas catalana y espa\u00f1ola, y de sus interrelaciones, as\u00ed como sobre las especificidades de sus mercados de trabajo y el impacto econ\u00f3mico de la inmigraci\u00f3n.\n\nEs tambi\u00e9n colaborador habitual en diversos medios de comunicaci\u00f3n. Premio Catalu\u00f1a de Econom\u00eda 1994 y Premio Sard\u00e0 Dexeus Col\u00b7legi d\u2019Economistes de Catalunya al mejor libro de econom\u00eda en 2005 y 2008 (obras colectivas). Ha sido vicerector de Profesorado de la UAB, y actualmente es miembro del Consejo de Gobierno de la UAB y director del Departamento d\u2019Economia Aplicada de dicha universidad. Ha sido tambi\u00e9n miembro de la Agencia de Calidad Universitaria de Catalu\u00f1a (AQU), coordinador general de l\u2019Acord Estrat\u00e8gic per la Internacionalitzaci\u00f3, la qualitat de l\u2019ocupaci\u00f3 y la competitivitat de l\u2019economia catalana, miembro de la Comisi\u00f3n de Evaluaci\u00f3n de la Calidad de los T\u00edtulos y Programas de la Agencia Catalana de Evaluaci\u00f3n Universitaria, miembro de la comisi\u00f3n encargada de identificar las causas y proponer remedios al diferencial de inflaci\u00f3n de Catalu\u00f1a con Espa\u00f1a, miembro de la Comisi\u00f3n Cient\u00edfica que ha establecido las bases del Pacto Nacional para la Immigraci\u00f3n de Catalu\u00f1a y miembro del Comit\u00e9 Cient\u00edfico que elabor\u00f3 los materiales necesarios para la confecci\u00f3n de l\u2019Estrat\u00e8gia catalana per l\u2019ocupaci\u00f3 para el Plan general de empleo de Catalu\u00f1a.\n\nHa sido asesor del Servicio de Estudios de CatalunyaCaixa desde 1995, Director del \u00cdndice Manpower sobre la situaci\u00f3n del mercado de trabajo en Espa\u00f1a. Director (junto a E. Aja y J. Arango) del Anuario de la Inmigraci\u00f3n, editado por CIBOD y otras instituciones espa\u00f1olas y miembro del Consejo Rector de la Agencia Catalana para la Evaluaci\u00f3n de las Pol\u00edticas P\u00fablicas (IV\u00c0LUA).\n\n&nbsp;\n\n&nbsp;\n\n<\/div>\n<\/div>\n<div id=\"cuatro\" class=\"aboutBox\">\n\n<img class=\"pull-left alignleft size-full wp-image-26\" style=\"float: left;\" title=\"Emilio Ontiveros\" src=\"http:\/\/europeg.com\/wp-content\/uploads\/2011\/11\/emilio.jpg\" alt=\"Emilio Ontiveros\" width=\"100\" height=\"100\">\n<div class=\"aboutDetails\">\n<h4>Emilio Ontiveros (\u2020)<\/h4>\n&nbsp;\n\n&nbsp;\n\n&nbsp;\n\nDoctor en Ciencias Econ\u00f3micas por la Universidad Aut\u00f3noma de Madrid, es catedr\u00e1tico de Econom\u00eda de la Empresa de la Universidad Aut\u00f3noma de Madrid. Es fundador y presidente de Analistas Financieros Internacionales (Afi). Es autor de varios libros y numerosos art\u00edculos en revistas acad\u00e9micas y en medios de comunicaci\u00f3n.\n\nHa sido presidente de la Ponencia sobre convergencia con la Uni\u00f3n Europea en Sociedad de la Informaci\u00f3n. Es miembro del Consejo Asesor para la Administraci\u00f3n Electr\u00f3nica y del Consejo Asesor de Innovaci\u00f3n del Parque Cient\u00edfico de Madrid (UAM). En diciembre de 2006 fue nombrado por el alcalde de Madrid miembro del Consejo Director de la Ciudad de Madrid. Es miembro del Consejo Asesor de la Fundaci\u00f3n CYD y del patronato de algunas fundaciones, as\u00ed como de diversos consejos de administraci\u00f3n y asesores de empresas e instituciones.\n\nEntre los premios recibidos, adem\u00e1s de los concedidos a su tesis doctoral est\u00e1n el IX Premio C\u00edrculo de Empresarios de investigaci\u00f3n econ\u00f3mica y el Premio&nbsp;Mi Cartera de Inversi\u00f3n al Fomento de la Cultura Econ\u00f3mica y Financiera. En 2000 recibi\u00f3 la placa de reconocimiento al M\u00e9rito Regional por la Junta de Comunidades de Castilla-La Mancha. Ha sido Fellow del Real Colegio Complutense, en la Universidad de Harvard, as\u00ed como miembro del Grupo de Investigaci\u00f3n Avanzada en Econom\u00eda Internacional y<em> visiting scholar <\/em>en Wharton School \u2013 Universidad de Pensilvania.\n\n&nbsp;\n\n&nbsp;\n\n<\/div>\n<\/div>\n<div id=\"cinco\" class=\"aboutBox\">\n\n<img class=\"pull-left alignleft size-full wp-image-27\" style=\"float: left;\" title=\"Mart\u00ed Parellada\" src=\"http:\/\/europeg.com\/wp-content\/uploads\/2011\/11\/marti.jpg\" alt=\"Mart\u00ed Parellada\" width=\"100\" height=\"100\">\n<div class=\"aboutDetails\">\n<h4>Mart\u00ed Parellada<\/h4>\n&nbsp;\n\n&nbsp;\n\n&nbsp;\n\nDoctor en Ciencias Econ\u00f3micas y catedr\u00e1tico de Econom\u00eda Aplicada de la Universidad de Barcelona. Es autor de numerosos art\u00edculos y libros sobre la econom\u00eda espa\u00f1ola y catalana en particular.\n\nA partir del a\u00f1o 2003 es director del Informe anual sobre el papel de las universidades en el desarrollo regional de la Fundaci\u00f3n Conocimiento y Desarrollo (Fundaci\u00f3n CyD). Asimismo, en el marco de la Fundaci\u00f3n CYD, ha dirigido diversos trabajos entre los que destacan los relacionados con el mercado laboral de titulados universitarios y la gobernanza de las universidades. Es director de la <em>Revista Econ\u00f3mica de Catalu\u00f1a<\/em> y presidente del Consejo Asesor de la Memoria Econ\u00f3mica de Catalu\u00f1a que edita anualmente el Consejo de C\u00e1maras de Comercio de Catalunya. Es presidente del comit\u00e9 ejecutivo del Consorcio de la Universidad Internacional Men\u00e9ndez&nbsp;Pelayo de Barcelona (centro Ernest Lluch), patrono de la Fundaci\u00f3n ICO y presidente de la Fundaci\u00f3 Institut d'Economia de Barcelona.\n\nHa sido director general de la Fundaci\u00f3n Bosch i Gimpera (1984-1986), vicerrector de la Universidad de Barcelona (1986-1990) y profesor invitado en la Johns Hopkins University de Baltimore (Estados Unidos). Desde 1992 y hasta el a\u00f1o 2002 fu\u00e9 director de Les Heures, centro de formaci\u00f3n continua de la Universidad de Barcelona y hasta el 2017 director del Institut d'Economia de Barcelona. Ha sido, tambi\u00e9n, vocal del Consell de Treball, Econ\u00f2mic i Social de Catalunya, presidente del Consell Catal\u00e0 d\u2019Estad\u00edstica, de la Asociaci\u00f3n Espa\u00f1ola de Ciencia Regional desde el a\u00f1o 2000 al 2008 y de la Asociaci\u00f3n Catalana de Ciencia Regional. Ha formado parte, tambi\u00e9n, del Council de la European Regional Science Association. Ha sido miembro del Comit\u00e9 de Expertos del Observatorio de la Peque\u00f1a y Mediana Empresa del Ministerio de Industria, Turismo y Comercio del Gobierno espa\u00f1ol y del GRENCYT (Grupo de Reflexi\u00f3n de la Estrategia Nacional de Ciencia y Tecnolog\u00eda) del Plan Nacional de I+D+I, 2008-2011.\n\n&nbsp;\n\n&nbsp;\n\n<\/div>\n<\/div>\n<div id=\"seis\" class=\"aboutBox\">\n\n<img class=\"pull-left alignleft size-full wp-image-28\" style=\"float: left;\" title=\"Gemma Garc\u00eda\" src=\"http:\/\/europeg.com\/wp-content\/uploads\/2011\/11\/gemma.jpg\" alt=\"Gemma Garc\u00eda\" width=\"100\" height=\"100\">\n<div class=\"aboutDetails\">\n<h4>Gemma Garc\u00eda<\/h4>\n<em>Coordinadora&nbsp;EuropeG<\/em>\n\n&nbsp;\n\n&nbsp;\n\nDoctora con premio extraordinario en Ciencias Econ\u00f3micas por la Universidad de Barcelona, es profesora de Econom\u00eda Aplicada en dicha universidad y miembro del Instituto de Econom\u00eda de Barcelona (IEB). Premio del Consejo Econ\u00f3mico y Social por la tesis doctoral \u201cPrestaciones por desempleo y duraci\u00f3n del paro\u201d. Especializada en el campo de la econom\u00eda laboral y regional, ha publicado numerosos trabajos y art\u00edculos sobre esta materia en revistas de \u00e1mbito tanto nacional como internacional. Ha sido evaluadora de las revistas <em>Revista de Econom\u00eda Aplicada <\/em>y <em>Revista Econ\u00f2mica de Catalunya.<\/em>\n\nHa sido codirectora y miembro del consejo asesor de la Memoria Econ\u00f3mica de Catalu\u00f1a editada anualmente por Consejo de C\u00e1maras de Comercio de Catalunya. Codirectora de la obra colectiva <em>Economia catalana: reptes de futur <\/em>galardonada con el Premio Joan Sard\u00e0 Dexeus 2008 al mejor libro de econom\u00eda. Ha sido subdirectora general de Estudios en el Departamento de Econom\u00eda y Finanzas de la Generalitat de Catalunya y directora de la revista <em>Nota d\u2019Economia <\/em>(2004-2011).\n\n<\/div>\n<\/div>\n<\/div>\n[\/et_pb_text][\/et_pb_column][\/et_pb_row][\/et_pb_section]\n<!-- \/wp:shortcode -->","_et_gb_content_width":"","cybocfi_hide_featured_image":"","footnotes":""},"class_list":["post-1743","page","type-page","status-publish","hentry"],"acf":[],"_links":{"self":[{"href":"https:\/\/europeg.com\/en\/wp-json\/wp\/v2\/pages\/1743","targetHints":{"allow":["GET"]}}],"collection":[{"href":"https:\/\/europeg.com\/en\/wp-json\/wp\/v2\/pages"}],"about":[{"href":"https:\/\/europeg.com\/en\/wp-json\/wp\/v2\/types\/page"}],"author":[{"embeddable":true,"href":"https:\/\/europeg.com\/en\/wp-json\/wp\/v2\/users\/3"}],"replies":[{"embeddable":true,"href":"https:\/\/europeg.com\/en\/wp-json\/wp\/v2\/comments?post=1743"}],"version-history":[{"count":11,"href":"https:\/\/europeg.com\/en\/wp-json\/wp\/v2\/pages\/1743\/revisions"}],"predecessor-version":[{"id":1784,"href":"https:\/\/europeg.com\/en\/wp-json\/wp\/v2\/pages\/1743\/revisions\/1784"}],"wp:attachment":[{"href":"https:\/\/europeg.com\/en\/wp-json\/wp\/v2\/media?parent=1743"}],"curies":[{"name":"wp","href":"https:\/\/api.w.org\/{rel}","templated":true}]}}