{"id":1828,"date":"2023-05-09T22:05:26","date_gmt":"2023-05-09T22:05:26","guid":{"rendered":"http:\/\/europeg.com\/2023\/contacto\/"},"modified":"2023-06-21T13:50:46","modified_gmt":"2023-06-21T13:50:46","slug":"contacte","status":"publish","type":"page","link":"https:\/\/europeg.com\/ca\/contacte\/","title":{"rendered":"Contacte"},"content":{"rendered":"<p>[et_pb_section fb_built=&#8221;1&#8243; _builder_version=&#8221;4.20.4&#8243; _module_preset=&#8221;default&#8221; background_enable_color=&#8221;off&#8221; use_background_color_gradient=&#8221;on&#8221; background_color_gradient_stops=&#8221;rgba(0,53,107,0.6) 0%|rgba(0,53,107,0.6) 100%&#8221; background_color_gradient_overlays_image=&#8221;on&#8221; background_image=&#8221;http:\/\/europeg.com\/wp-content\/uploads\/2023\/05\/istockphoto-673893168-612x612342423def-scaled.jpg&#8221; parallax=&#8221;on&#8221; custom_padding=&#8221;85px||85px||true|false&#8221; global_colors_info=&#8221;{}&#8221;][et_pb_row _builder_version=&#8221;4.20.4&#8243; _module_preset=&#8221;default&#8221; global_colors_info=&#8221;{}&#8221;][et_pb_column type=&#8221;4_4&#8243; _builder_version=&#8221;4.20.4&#8243; _module_preset=&#8221;default&#8221; global_colors_info=&#8221;{}&#8221;][et_pb_text _builder_version=&#8221;4.20.4&#8243; _module_preset=&#8221;default&#8221; header_2_font=&#8221;Frank Ruhl Libre||||||||&#8221; header_2_text_color=&#8221;#FFFFFF&#8221; header_2_font_size=&#8221;48px&#8221; text_orientation=&#8221;center&#8221; global_colors_info=&#8221;{}&#8221;]<\/p>\n<h2>Contacte<\/h2>\n<p>[\/et_pb_text][\/et_pb_column][\/et_pb_row][\/et_pb_section][et_pb_section fb_built=&#8221;1&#8243; admin_label=&#8221;Header&#8221; _builder_version=&#8221;4.20.4&#8243; _module_preset=&#8221;default&#8221; background_enable_image=&#8221;off&#8221; background_size=&#8221;custom&#8221; background_image_width=&#8221;10%&#8221; background_position=&#8221;top_right&#8221; background_vertical_offset=&#8221;60px&#8221; collapsed=&#8221;on&#8221; global_colors_info=&#8221;{}&#8221;][et_pb_row column_structure=&#8221;1_2,1_2&#8243; _builder_version=&#8221;4.19.2&#8243; _module_preset=&#8221;default&#8221; global_colors_info=&#8221;{}&#8221;][et_pb_column type=&#8221;1_2&#8243; _builder_version=&#8221;4.19.2&#8243; _module_preset=&#8221;default&#8221; global_colors_info=&#8221;{}&#8221;][et_pb_text _builder_version=&#8221;4.21.0&#8243; _module_preset=&#8221;2e98691b-e6c6-48ce-88db-20d43e0a1579&#8243; header_4_text_color=&#8221;#7F7F7F&#8221; global_colors_info=&#8221;{}&#8221;]<\/p>\n<h4>TEL\u00c8FON<\/h4>\n<p>[\/et_pb_text][et_pb_text _builder_version=&#8221;4.20.4&#8243; _module_preset=&#8221;396477b5-1a66-478a-bd63-8d2269999f33&#8243; text_font=&#8221;Frank Ruhl Libre||||||||&#8221; header_3_font=&#8221;Frank Ruhl Libre|700|||||||&#8221; global_colors_info=&#8221;{}&#8221;]<\/p>\n<h3><span>+34 93.403.37.23<\/span><\/h3>\n<p>[\/et_pb_text][et_pb_text _builder_version=&#8221;4.21.0&#8243; _module_preset=&#8221;2e98691b-e6c6-48ce-88db-20d43e0a1579&#8243; header_4_text_color=&#8221;#7F7F7F&#8221; hover_enabled=&#8221;0&#8243; global_colors_info=&#8221;{}&#8221; sticky_enabled=&#8221;0&#8243;]<\/p>\n<h4>correu electr\u00f2nic<\/h4>\n<p>[\/et_pb_text][et_pb_text _builder_version=&#8221;4.20.4&#8243; _module_preset=&#8221;396477b5-1a66-478a-bd63-8d2269999f33&#8243; text_font=&#8221;Frank Ruhl Libre||||||||&#8221; header_3_font=&#8221;Frank Ruhl Libre|700|||||||&#8221; global_colors_info=&#8221;{}&#8221;]<\/p>\n<h3><span>europeg@europeg.pcb.ub.es<\/span><\/h3>\n<p>[\/et_pb_text][et_pb_text _builder_version=&#8221;4.21.0&#8243; _module_preset=&#8221;2e98691b-e6c6-48ce-88db-20d43e0a1579&#8243; header_4_text_color=&#8221;#7F7F7F&#8221; global_colors_info=&#8221;{}&#8221;]<\/p>\n<h4>Adre\u00e7a<\/h4>\n<p>[\/et_pb_text][et_pb_text _builder_version=&#8221;4.20.4&#8243; _module_preset=&#8221;396477b5-1a66-478a-bd63-8d2269999f33&#8243; text_font=&#8221;Frank Ruhl Libre||||||||&#8221; header_3_font=&#8221;Frank Ruhl Libre|700|||||||&#8221; global_colors_info=&#8221;{}&#8221;]<\/p>\n<h3>Parc Cient\u00edfic de Barcelona<\/h3>\n<h3><i class=\"fa fa-map-marker\"><\/i><span>Baldiri i Reixac, 4-8. 08028 Barcelona<\/span><\/h3>\n<p>&nbsp;<\/p>\n<p>[\/et_pb_text][\/et_pb_column][et_pb_column type=&#8221;1_2&#8243; _builder_version=&#8221;4.19.2&#8243; _module_preset=&#8221;default&#8221; global_colors_info=&#8221;{}&#8221;][et_pb_image src=&#8221;http:\/\/europeg.com\/wp-content\/uploads\/2023\/05\/pcb_res.jpg&#8221; title_text=&#8221;pcb_res&#8221; _builder_version=&#8221;4.20.4&#8243; _module_preset=&#8221;default&#8221; global_colors_info=&#8221;{}&#8221;][\/et_pb_image][\/et_pb_column][\/et_pb_row][\/et_pb_section]<\/p>\n","protected":false},"excerpt":{"rendered":"<p>ContacteTEL\u00c8FON+34 93.403.37.23correu electr\u00f2niceuropeg@europeg.pcb.ub.esAdre\u00e7aParc Cient\u00edfic de Barcelona Baldiri i Reixac, 4-8. 08028 Barcelona &nbsp;<\/p>\n","protected":false},"author":2,"featured_media":0,"parent":0,"menu_order":0,"comment_status":"closed","ping_status":"closed","template":"","meta":{"_acf_changed":false,"_et_pb_use_builder":"on","_et_pb_old_content":"","_et_gb_content_width":"","cybocfi_hide_featured_image":"","footnotes":""},"class_list":["post-1828","page","type-page","status-publish","hentry"],"acf":[],"_links":{"self":[{"href":"https:\/\/europeg.com\/ca\/wp-json\/wp\/v2\/pages\/1828","targetHints":{"allow":["GET"]}}],"collection":[{"href":"https:\/\/europeg.com\/ca\/wp-json\/wp\/v2\/pages"}],"about":[{"href":"https:\/\/europeg.com\/ca\/wp-json\/wp\/v2\/types\/page"}],"author":[{"embeddable":true,"href":"https:\/\/europeg.com\/ca\/wp-json\/wp\/v2\/users\/2"}],"replies":[{"embeddable":true,"href":"https:\/\/europeg.com\/ca\/wp-json\/wp\/v2\/comments?post=1828"}],"version-history":[{"count":6,"href":"https:\/\/europeg.com\/ca\/wp-json\/wp\/v2\/pages\/1828\/revisions"}],"predecessor-version":[{"id":1842,"href":"https:\/\/europeg.com\/ca\/wp-json\/wp\/v2\/pages\/1828\/revisions\/1842"}],"wp:attachment":[{"href":"https:\/\/europeg.com\/ca\/wp-json\/wp\/v2\/media?parent=1828"}],"curies":[{"name":"wp","href":"https:\/\/api.w.org\/{rel}","templated":true}]}}