{"id":1716,"date":"2023-05-04T16:46:23","date_gmt":"2023-05-04T16:46:23","guid":{"rendered":"http:\/\/europeg.com\/2023\/actividades\/"},"modified":"2023-06-20T15:14:14","modified_gmt":"2023-06-20T15:14:14","slug":"europe-g-activitats","status":"publish","type":"page","link":"https:\/\/europeg.com\/ca\/europe-g-activitats\/","title":{"rendered":"Europe G &#8211; Activitats"},"content":{"rendered":"<p>[et_pb_section fb_built=&#8221;1&#8243; _builder_version=&#8221;4.20.4&#8243; _module_preset=&#8221;default&#8221; background_enable_color=&#8221;off&#8221; use_background_color_gradient=&#8221;on&#8221; background_color_gradient_stops=&#8221;rgba(0,53,107,0.6) 0%|rgba(0,53,107,0.6) 100%&#8221; background_color_gradient_overlays_image=&#8221;on&#8221; background_image=&#8221;http:\/\/europeg.com\/wp-content\/uploads\/2023\/04\/policy_fons.webp&#8221; parallax=&#8221;on&#8221; custom_padding=&#8221;85px||85px||true|false&#8221; global_colors_info=&#8221;{}&#8221;][et_pb_row _builder_version=&#8221;4.20.4&#8243; _module_preset=&#8221;default&#8221; global_colors_info=&#8221;{}&#8221;][et_pb_column type=&#8221;4_4&#8243; _builder_version=&#8221;4.20.4&#8243; _module_preset=&#8221;default&#8221; global_colors_info=&#8221;{}&#8221;][et_pb_text _builder_version=&#8221;4.21.0&#8243; _module_preset=&#8221;default&#8221; header_2_font=&#8221;Frank Ruhl Libre||||||||&#8221; header_2_text_color=&#8221;#FFFFFF&#8221; header_2_font_size=&#8221;48px&#8221; text_orientation=&#8221;center&#8221; hover_enabled=&#8221;0&#8243; global_colors_info=&#8221;{}&#8221; sticky_enabled=&#8221;0&#8243;]<\/p>\n<h2>Europe G &#8211; Activitats<\/h2>\n<p>[\/et_pb_text][\/et_pb_column][\/et_pb_row][\/et_pb_section][et_pb_section fb_built=&#8221;1&#8243; _builder_version=&#8221;4.21.0&#8243; _module_preset=&#8221;default&#8221; custom_margin=&#8221;20px||||false|false&#8221; global_colors_info=&#8221;{}&#8221;][et_pb_row column_structure=&#8221;1_2,1_2&#8243; make_equal=&#8221;on&#8221; _builder_version=&#8221;4.21.0&#8243; _module_preset=&#8221;default&#8221; global_colors_info=&#8221;{}&#8221;][et_pb_column type=&#8221;1_2&#8243; _builder_version=&#8221;4.21.0&#8243; _module_preset=&#8221;default&#8221; custom_padding=&#8221;30px|40px|30px|40px|true|true&#8221; box_shadow_style=&#8221;preset3&#8243; box_shadow_blur=&#8221;57px&#8221; box_shadow_color=&#8221;rgba(0,0,0,0.2)&#8221; global_colors_info=&#8221;{}&#8221;][et_pb_image src=&#8221;http:\/\/europeg.com\/wp-content\/uploads\/2011\/11\/frame_48.png&#8221; title_text=&#8221;frame_48&#8243; align=&#8221;center&#8221; _builder_version=&#8221;4.21.0&#8243; _module_preset=&#8221;default&#8221; custom_margin=&#8221;||20px||false|false&#8221; global_colors_info=&#8221;{}&#8221;][\/et_pb_image][et_pb_text _builder_version=&#8221;4.21.0&#8243; _module_preset=&#8221;default&#8221; header_2_font=&#8221;Frank Ruhl Libre||||||||&#8221; header_2_font_size=&#8221;32px&#8221; text_orientation=&#8221;center&#8221; hover_enabled=&#8221;0&#8243; global_colors_info=&#8221;{}&#8221; sticky_enabled=&#8221;0&#8243;]<\/p>\n<h2 class=\"article-title\" itemprop=\"headline\">Altres activitats<\/h2>\n<p>[\/et_pb_text][et_pb_text _builder_version=&#8221;4.21.0&#8243; _module_preset=&#8221;default&#8221; hover_enabled=&#8221;0&#8243; global_colors_info=&#8221;{}&#8221; sticky_enabled=&#8221;0&#8243;]El projecte es pot plantejar, aix\u00ed mateix, la realitzaci\u00f3 de jornades espec\u00edfiques obertes al p\u00fablic (tipus seminari) amb participaci\u00f3 de membres del grup i\/o experts externs.<\/p>\n<p>[\/et_pb_text][\/et_pb_column][et_pb_column type=&#8221;1_2&#8243; _builder_version=&#8221;4.21.0&#8243; _module_preset=&#8221;default&#8221; custom_padding=&#8221;30px|40px|30px|40px|true|true&#8221; box_shadow_style=&#8221;preset3&#8243; box_shadow_blur=&#8221;57px&#8221; box_shadow_color=&#8221;rgba(0,0,0,0.2)&#8221; global_colors_info=&#8221;{}&#8221;][et_pb_image src=&#8221;http:\/\/europeg.com\/wp-content\/uploads\/2011\/11\/case_48.png&#8221; title_text=&#8221;case_48&#8243; align=&#8221;center&#8221; _builder_version=&#8221;4.21.0&#8243; _module_preset=&#8221;default&#8221; custom_margin=&#8221;||20px||false|false&#8221; global_colors_info=&#8221;{}&#8221;][\/et_pb_image][et_pb_text _builder_version=&#8221;4.21.0&#8243; _module_preset=&#8221;default&#8221; header_2_font=&#8221;Frank Ruhl Libre||||||||&#8221; header_2_font_size=&#8221;32px&#8221; text_orientation=&#8221;center&#8221; global_colors_info=&#8221;{}&#8221;]<\/p>\n<h2 class=\"article-title\" itemprop=\"headline\">Policy brief<\/h2>\n<p>[\/et_pb_text][et_pb_text _builder_version=&#8221;4.21.0&#8243; _module_preset=&#8221;default&#8221; hover_enabled=&#8221;0&#8243; global_colors_info=&#8221;{}&#8221; sticky_enabled=&#8221;0&#8243;]El <em>Policy Brief<\/em> \u00e9s el document de s\u00edntesi que expressa l\u2019opini\u00f3 i la posici\u00f3 del Grup respecte de les q\u00fcestions que constitueixen els temes de debat del seminari permanent. S\u2019editar\u00e0 trimestralment i la seva presentaci\u00f3 i difusi\u00f3 s\u00f3n essencials per assolir els objectius del projecte (crear opini\u00f3 qualificada sobre temes rellevants).<\/p>\n<p><a href=\"http:\/\/europeg.com\/policy-brief\/\">Consultar Policy Brief<\/a>[\/et_pb_text][\/et_pb_column][\/et_pb_row][et_pb_row column_structure=&#8221;1_2,1_2&#8243; make_equal=&#8221;on&#8221; _builder_version=&#8221;4.21.0&#8243; _module_preset=&#8221;default&#8221; global_colors_info=&#8221;{}&#8221;][et_pb_column type=&#8221;1_2&#8243; _builder_version=&#8221;4.21.0&#8243; _module_preset=&#8221;default&#8221; custom_padding=&#8221;30px|40px|30px|40px|true|true&#8221; box_shadow_style=&#8221;preset3&#8243; box_shadow_blur=&#8221;57px&#8221; box_shadow_color=&#8221;rgba(0,0,0,0.2)&#8221; global_colors_info=&#8221;{}&#8221;][et_pb_image src=&#8221;http:\/\/europeg.com\/wp-content\/uploads\/2011\/11\/font_case_48.png&#8221; title_text=&#8221;font_case_48&#8243; align=&#8221;center&#8221; _builder_version=&#8221;4.21.0&#8243; _module_preset=&#8221;default&#8221; custom_margin=&#8221;||20px||false|false&#8221; global_colors_info=&#8221;{}&#8221;][\/et_pb_image][et_pb_text _builder_version=&#8221;4.21.0&#8243; _module_preset=&#8221;default&#8221; header_2_font=&#8221;Frank Ruhl Libre||||||||&#8221; header_2_font_size=&#8221;32px&#8221; text_orientation=&#8221;center&#8221; hover_enabled=&#8221;0&#8243; global_colors_info=&#8221;{}&#8221; sticky_enabled=&#8221;0&#8243;]<\/p>\n<h2 class=\"article-title\" itemprop=\"headline\">Reunions obertes<\/h2>\n<p>[\/et_pb_text][et_pb_text _builder_version=&#8221;4.21.0&#8243; _module_preset=&#8221;default&#8221; hover_enabled=&#8221;0&#8243; global_colors_info=&#8221;{}&#8221; sticky_enabled=&#8221;0&#8243;]<\/p>\n<p>Al llarg de l\u2019any es mantindran reunions restringides, per\u00f2 obertes a persones externes a EuropeG, amb la finalitat de contrastar les opinions del Grup i contribuir a formar-ne els posicionaments. Poden ser dues reunions l\u2019any, amb un nombre d\u2019entre vint i trenta persones destacades del m\u00f3n acad\u00e8mic, empresarial i <em>policy makers<\/em>, que pot comptar amb l\u2019assist\u00e8ncia de convidats especials dels mitjans de comunicaci\u00f3.<\/p>\n<p>[\/et_pb_text][\/et_pb_column][et_pb_column type=&#8221;1_2&#8243; _builder_version=&#8221;4.21.0&#8243; _module_preset=&#8221;default&#8221; custom_padding=&#8221;30px|40px|30px|40px|true|true&#8221; box_shadow_style=&#8221;preset3&#8243; box_shadow_blur=&#8221;57px&#8221; box_shadow_color=&#8221;rgba(0,0,0,0.2)&#8221; global_colors_info=&#8221;{}&#8221;][et_pb_image src=&#8221;http:\/\/europeg.com\/wp-content\/uploads\/2011\/11\/comment_48.png&#8221; title_text=&#8221;comment_48&#8243; align=&#8221;center&#8221; _builder_version=&#8221;4.21.0&#8243; _module_preset=&#8221;default&#8221; custom_margin=&#8221;||20px||false|false&#8221; global_colors_info=&#8221;{}&#8221;][\/et_pb_image][et_pb_text _builder_version=&#8221;4.21.0&#8243; _module_preset=&#8221;default&#8221; header_2_font=&#8221;Frank Ruhl Libre||||||||&#8221; header_2_font_size=&#8221;32px&#8221; text_orientation=&#8221;center&#8221; hover_enabled=&#8221;0&#8243; global_colors_info=&#8221;{}&#8221; sticky_enabled=&#8221;0&#8243;]<\/p>\n<header class=\"article-header clearfix\">\n<h2 class=\"article-title\" itemprop=\"headline\">Seminari permanent<\/h2>\n<\/header>\n<section class=\"article-intro clearfix\"><\/section>\n<p>[\/et_pb_text][et_pb_text _builder_version=&#8221;4.21.0&#8243; _module_preset=&#8221;default&#8221; hover_enabled=&#8221;0&#8243; global_colors_info=&#8221;{}&#8221; sticky_enabled=&#8221;0&#8243;]<\/p>\n<p>Integrat pels membres d\u2019EuropeG, es reunir\u00e0 quatre cops l\u2019any per tractar els temes programats. El seminari permanent constitueix, de fet, el fil conductor del conjunt del projecte. El treball i debat en el seminari permanent donar\u00e0 lloc als <em>Policy Brief.<\/em><\/p>\n<p>[\/et_pb_text][\/et_pb_column][\/et_pb_row][et_pb_row column_structure=&#8221;1_2,1_2&#8243; make_equal=&#8221;on&#8221; _builder_version=&#8221;4.21.0&#8243; _module_preset=&#8221;default&#8221; global_colors_info=&#8221;{}&#8221;][et_pb_column type=&#8221;1_2&#8243; _builder_version=&#8221;4.21.0&#8243; _module_preset=&#8221;default&#8221; custom_padding=&#8221;30px|40px|30px|40px|true|true&#8221; box_shadow_style=&#8221;preset3&#8243; box_shadow_blur=&#8221;57px&#8221; box_shadow_color=&#8221;rgba(0,0,0,0.2)&#8221; global_colors_info=&#8221;{}&#8221;][et_pb_image src=&#8221;http:\/\/europeg.com\/wp-content\/uploads\/2011\/11\/folder_bookmark_48.png&#8221; title_text=&#8221;folder_bookmark_48&#8243; align=&#8221;center&#8221; _builder_version=&#8221;4.21.0&#8243; _module_preset=&#8221;default&#8221; custom_margin=&#8221;||20px||false|false&#8221; global_colors_info=&#8221;{}&#8221;][\/et_pb_image][et_pb_text _builder_version=&#8221;4.21.0&#8243; _module_preset=&#8221;default&#8221; header_2_font=&#8221;Frank Ruhl Libre||||||||&#8221; header_2_font_size=&#8221;32px&#8221; text_orientation=&#8221;center&#8221; hover_enabled=&#8221;0&#8243; global_colors_info=&#8221;{}&#8221; sticky_enabled=&#8221;0&#8243;]<\/p>\n<header class=\"article-header clearfix\">\n<h2 class=\"article-title\" itemprop=\"headline\">Reunions amb la &#8220;comissi\u00f3 de patronatge&#8221;<\/h2>\n<\/header>\n<section class=\"article-intro clearfix\"><\/section>\n<p>[\/et_pb_text][et_pb_text _builder_version=&#8221;4.21.0&#8243; _module_preset=&#8221;default&#8221; hover_enabled=&#8221;0&#8243; global_colors_info=&#8221;{}&#8221; sticky_enabled=&#8221;0&#8243;]El Grup establir\u00e0 un marc espec\u00edfic de col\u2022laboraci\u00f3 i coordinaci\u00f3 amb les empreses que contribueixen al finan\u00e7ament del projecte. A aquest efecte, es constituir\u00e0 una comissi\u00f3 (a la qual es pot anomenar Comissi\u00f3 de Patronatge o Comissi\u00f3 de Seguiment), que es consultar\u00e0 i s\u2019informar\u00e0 sobre els temes rellevants relacionats amb el projecte: composici\u00f3 del Grup, programa del seminari permanent i activitats de difusi\u00f3 i divulgaci\u00f3. Els representants d\u2019aquestes empreses hauran de desenvolupar un paper destacat en les reunions obertes a qu\u00e8 es refereix el par\u00e0graf seg\u00fcent.<\/p>\n<p>[\/et_pb_text][\/et_pb_column][et_pb_column type=&#8221;1_2&#8243; _builder_version=&#8221;4.21.0&#8243; _module_preset=&#8221;default&#8221; custom_padding=&#8221;30px|40px|30px|40px|true|true&#8221; global_colors_info=&#8221;{}&#8221;][\/et_pb_column][\/et_pb_row][\/et_pb_section]<\/p>\n","protected":false},"excerpt":{"rendered":"<p>Europe G &#8211; ActivitatsAltres activitatsEl projecte es pot plantejar, aix\u00ed mateix, la realitzaci\u00f3 de jornades espec\u00edfiques obertes al p\u00fablic (tipus seminari) amb participaci\u00f3 de membres del grup i\/o experts externs. Policy briefEl Policy Brief \u00e9s el document de s\u00edntesi que expressa l\u2019opini\u00f3 i la posici\u00f3 del Grup respecte de les q\u00fcestions que constitueixen els temes [&hellip;]<\/p>\n","protected":false},"author":3,"featured_media":0,"parent":0,"menu_order":0,"comment_status":"closed","ping_status":"closed","template":"","meta":{"_acf_changed":false,"_et_pb_use_builder":"on","_et_pb_old_content":"","_et_gb_content_width":"","cybocfi_hide_featured_image":"","footnotes":""},"class_list":["post-1716","page","type-page","status-publish","hentry"],"acf":[],"_links":{"self":[{"href":"https:\/\/europeg.com\/ca\/wp-json\/wp\/v2\/pages\/1716","targetHints":{"allow":["GET"]}}],"collection":[{"href":"https:\/\/europeg.com\/ca\/wp-json\/wp\/v2\/pages"}],"about":[{"href":"https:\/\/europeg.com\/ca\/wp-json\/wp\/v2\/types\/page"}],"author":[{"embeddable":true,"href":"https:\/\/europeg.com\/ca\/wp-json\/wp\/v2\/users\/3"}],"replies":[{"embeddable":true,"href":"https:\/\/europeg.com\/ca\/wp-json\/wp\/v2\/comments?post=1716"}],"version-history":[{"count":3,"href":"https:\/\/europeg.com\/ca\/wp-json\/wp\/v2\/pages\/1716\/revisions"}],"predecessor-version":[{"id":1721,"href":"https:\/\/europeg.com\/ca\/wp-json\/wp\/v2\/pages\/1716\/revisions\/1721"}],"wp:attachment":[{"href":"https:\/\/europeg.com\/ca\/wp-json\/wp\/v2\/media?parent=1716"}],"curies":[{"name":"wp","href":"https:\/\/api.w.org\/{rel}","templated":true}]}}