{"id":1706,"date":"2023-06-14T15:47:38","date_gmt":"2023-06-14T15:47:38","guid":{"rendered":"http:\/\/europeg.com\/2023\/lineas-de-trabajo\/"},"modified":"2023-06-20T15:06:28","modified_gmt":"2023-06-20T15:06:28","slug":"linies-de-treball-estrategiques","status":"publish","type":"page","link":"https:\/\/europeg.com\/ca\/linies-de-treball-estrategiques\/","title":{"rendered":"L\u00ednies de treball estrat\u00e8giques"},"content":{"rendered":"<p>[et_pb_section fb_built=&#8221;1&#8243; _builder_version=&#8221;4.20.4&#8243; _module_preset=&#8221;default&#8221; background_enable_color=&#8221;off&#8221; use_background_color_gradient=&#8221;on&#8221; background_color_gradient_stops=&#8221;rgba(0,53,107,0.6) 0%|rgba(0,53,107,0.6) 100%&#8221; background_color_gradient_overlays_image=&#8221;on&#8221; background_image=&#8221;http:\/\/europeg.com\/wp-content\/uploads\/2023\/04\/policy_fons.webp&#8221; parallax=&#8221;on&#8221; custom_padding=&#8221;85px||85px||true|false&#8221; global_colors_info=&#8221;{}&#8221;][et_pb_row _builder_version=&#8221;4.20.4&#8243; _module_preset=&#8221;default&#8221; global_colors_info=&#8221;{}&#8221;][et_pb_column type=&#8221;4_4&#8243; _builder_version=&#8221;4.20.4&#8243; _module_preset=&#8221;default&#8221; global_colors_info=&#8221;{}&#8221;][et_pb_text _builder_version=&#8221;4.21.0&#8243; _module_preset=&#8221;default&#8221; header_2_font=&#8221;Frank Ruhl Libre||||||||&#8221; header_2_text_color=&#8221;#FFFFFF&#8221; header_2_font_size=&#8221;48px&#8221; text_orientation=&#8221;center&#8221; hover_enabled=&#8221;0&#8243; global_colors_info=&#8221;{}&#8221; sticky_enabled=&#8221;0&#8243;]<\/p>\n<h2>L\u00ednies de treball estrat\u00e8giques<br \/>\n<\/h2>\n<p>[\/et_pb_text][\/et_pb_column][\/et_pb_row][\/et_pb_section][et_pb_section fb_built=&#8221;1&#8243; _builder_version=&#8221;4.16&#8243; global_colors_info=&#8221;{}&#8221;][et_pb_row _builder_version=&#8221;4.21.0&#8243; background_size=&#8221;initial&#8221; background_position=&#8221;top_left&#8221; background_repeat=&#8221;repeat&#8221; global_colors_info=&#8221;{}&#8221;][et_pb_column type=&#8221;4_4&#8243; _builder_version=&#8221;4.16&#8243; custom_padding=&#8221;|||&#8221; global_colors_info=&#8221;{}&#8221; custom_padding__hover=&#8221;|||&#8221;][et_pb_text _builder_version=&#8221;4.21.0&#8243; _module_preset=&#8221;default&#8221; text_font=&#8221;Roboto Condensed|||on|||||&#8221; text_text_color=&#8221;#222222&#8243; text_font_size=&#8221;26px&#8221; text_line_height=&#8221;1.3em&#8221; text_orientation=&#8221;center&#8221; custom_padding=&#8221;||||false|false&#8221; hover_enabled=&#8221;0&#8243; locked=&#8221;off&#8221; global_colors_info=&#8221;{}&#8221; sticky_enabled=&#8221;0&#8243;]<strong>EuropeG basa la seva activitat en tres \u00e0mplies l\u00ednies d\u2019an\u00e0lisi.<\/strong>[\/et_pb_text][\/et_pb_column][\/et_pb_row][et_pb_row column_structure=&#8221;3_5,2_5&#8243; use_custom_gutter=&#8221;on&#8221; _builder_version=&#8221;4.21.0&#8243; _module_preset=&#8221;default&#8221; custom_margin=&#8221;10px||60px||false|false&#8221; custom_padding=&#8221;40px|44px|40px|44px|true|true&#8221; custom_css_main_element=&#8221;display: flex;||align-items: center;&#8221; box_shadow_style=&#8221;preset3&#8243; box_shadow_blur=&#8221;53px&#8221; box_shadow_spread=&#8221;-7px&#8221; box_shadow_color=&#8221;rgba(0,0,0,0.2)&#8221; global_colors_info=&#8221;{}&#8221; custom_css_main_element_last_edited=&#8221;on|tablet&#8221; custom_css_main_element_tablet=&#8221;display: block;&#8221; custom_css_main_element_phone=&#8221;display: block;&#8221;][et_pb_column type=&#8221;3_5&#8243; _builder_version=&#8221;4.21.0&#8243; _module_preset=&#8221;default&#8221; global_colors_info=&#8221;{}&#8221;][et_pb_text _builder_version=&#8221;4.21.0&#8243; _module_preset=&#8221;default&#8221; header_2_font=&#8221;Frank Ruhl Libre||||||||&#8221; header_3_font=&#8221;Frank Ruhl Libre|700|||||||&#8221; header_3_font_size=&#8221;24px&#8221; hover_enabled=&#8221;0&#8243; global_colors_info=&#8221;{}&#8221; sticky_enabled=&#8221;0&#8243;]<\/p>\n<h3 style=\"margin-bottom: 10px;\">1.- La crisi de l\u2019euro i el futur de la UE.<\/h3>\n<p>L\u2019actual crisi ha posat de manifest, amb tota la seva cruesa, les limitacions a qu\u00e8 s\u2019enfronta la zona euro tal com est\u00e0 dissenyada actualment. Sobretot, ha mostrat els desequilibris que pot provocar una integraci\u00f3 monet\u00e0ria, sense la necess\u00e0ria integraci\u00f3 pressupost\u00e0ria i institucional, i amb un mercat europeu en qu\u00e8 la mobilitat de factors i la integraci\u00f3 real d\u2019alguns mercats no \u00e9s la que prescriuria l\u2019exist\u00e8ncia d\u2019una \u00e0rea monet\u00e0ria \u00f2ptima. L\u2019opini\u00f3, el debat i la reflexi\u00f3 sobre els l\u00edmits d\u2019una uni\u00f3 monet\u00e0ria incompleta (i, en particular, sobre la necessitat que la integraci\u00f3 monet\u00e0ria vagi acompanyada de la necess\u00e0ria integraci\u00f3 pol\u00edtica i institucional) \u00e9s avui un tema crucial estrat\u00e8gic per al futur de l\u2019economia europea. A aquesta q\u00fcesti\u00f3 cal afegir, gaireb\u00e9 de manera indissociable, la de la pol\u00edtica econ\u00f2mica apropiada davant de la crisi i, en concret, l\u2019equilibri apropiat entre austeritat (i consolidaci\u00f3 fiscal), per una banda, i est\u00edmul al creixement econ\u00f2mic, per una altra. I saber fins a quin punt, evidentment, aquestes dues q\u00fcestions es troben \u00edntimament entrella\u00e7ades.[\/et_pb_text][\/et_pb_column][et_pb_column type=&#8221;2_5&#8243; _builder_version=&#8221;4.21.0&#8243; _module_preset=&#8221;default&#8221; global_colors_info=&#8221;{}&#8221;][et_pb_image src=&#8221;http:\/\/europeg.com\/wp-content\/uploads\/2023\/05\/eurocrisis.jpg&#8221; title_text=&#8221;eurocrisis&#8221; _builder_version=&#8221;4.21.0&#8243; _module_preset=&#8221;default&#8221; box_shadow_style=&#8221;preset4&#8243; box_shadow_horizontal=&#8221;8px&#8221; box_shadow_vertical=&#8221;8px&#8221; box_shadow_blur=&#8221;2px&#8221; box_shadow_color=&#8221;#2084c0&#8243; global_colors_info=&#8221;{}&#8221;][\/et_pb_image][\/et_pb_column][\/et_pb_row][et_pb_row column_structure=&#8221;2_5,3_5&#8243; use_custom_gutter=&#8221;on&#8221; _builder_version=&#8221;4.21.0&#8243; _module_preset=&#8221;default&#8221; custom_margin=&#8221;10px||60px||false|false&#8221; custom_padding=&#8221;40px|44px|40px|44px|true|true&#8221; custom_css_main_element=&#8221;display: flex;||align-items: center;&#8221; box_shadow_style=&#8221;preset3&#8243; box_shadow_blur=&#8221;53px&#8221; box_shadow_spread=&#8221;-7px&#8221; box_shadow_color=&#8221;rgba(0,0,0,0.2)&#8221; global_colors_info=&#8221;{}&#8221; custom_css_main_element_tablet=&#8221;display: block;&#8221; custom_css_main_element_last_edited=&#8221;on|tablet&#8221; custom_css_main_element_phone=&#8221;display: block;&#8221;][et_pb_column type=&#8221;2_5&#8243; _builder_version=&#8221;4.21.0&#8243; _module_preset=&#8221;default&#8221; global_colors_info=&#8221;{}&#8221;][et_pb_image src=&#8221;http:\/\/europeg.com\/wp-content\/uploads\/2023\/05\/recuperacion-economica-.jpg&#8221; title_text=&#8221;recuperacion-economica-&#8221; _builder_version=&#8221;4.21.0&#8243; _module_preset=&#8221;default&#8221; box_shadow_style=&#8221;preset4&#8243; box_shadow_horizontal=&#8221;8px&#8221; box_shadow_vertical=&#8221;8px&#8221; box_shadow_blur=&#8221;2px&#8221; box_shadow_color=&#8221;#2084c0&#8243; global_colors_info=&#8221;{}&#8221;][\/et_pb_image][\/et_pb_column][et_pb_column type=&#8221;3_5&#8243; _builder_version=&#8221;4.21.0&#8243; _module_preset=&#8221;default&#8221; global_colors_info=&#8221;{}&#8221;][et_pb_text _builder_version=&#8221;4.21.0&#8243; _module_preset=&#8221;default&#8221; header_2_font=&#8221;Frank Ruhl Libre||||||||&#8221; header_3_font=&#8221;Frank Ruhl Libre|700|||||||&#8221; header_3_font_size=&#8221;24px&#8221; header_3_line_height=&#8221;1.2em&#8221; hover_enabled=&#8221;0&#8243; global_colors_info=&#8221;{}&#8221; sticky_enabled=&#8221;0&#8243;]<\/p>\n<h3 style=\"margin-bottom: 10px;\">2. La sortida de la crisi econ\u00f2mica a Espanya i la transformaci\u00f3 del model de competitivitat.<\/h3>\n<p>En el cas concret d\u2019Espanya i Catalunya, la sortida de la crisi nom\u00e9s \u00e9s possible com un projecte real d\u2019ajustament i reformes, que permeti no nom\u00e9s resoldre els desequilibris b\u00e0sics, sin\u00f3 desenvolupar un canvi profund en el model de competitivitat de la nostra economia. Aquest canvi, en bona mesura, ja s\u2019est\u00e0 produint. Examinar els vectors b\u00e0sics d\u2019aquesta transformaci\u00f3 i analitzar els corrents de fons que ja s\u2019estan produint en l\u2019economia durant aquests anys resulta fonamental. I tamb\u00e9 ho \u00e9s subratllar els fonaments reals, i en nombrosos casos molt m\u00e9s positius del que el clima ambiental d\u00f3na a entendre, per abordar aquestes transformacions. Finalment, en aquesta l\u00ednia estrat\u00e8gica, \u00e9s indispensable subratllar la import\u00e0ncia decisiva dels factors pol\u00edtics: els sacrificis que requereixen els ajustaments nom\u00e9s s\u00f3n factibles amb unes condicions pol\u00edtiques imprescindibles: lideratge, projecte, credibilitat, pactes i consensos. \u00c9s per aix\u00f2 que la construcci\u00f3 d\u2019un relat de sortida de la crisi que analitzi i expliqui els ajustaments i les reformes que s\u2019han de dur a terme per corregir els desequilibris b\u00e0sics de l\u2019economia espanyola \u00e9s un aspecte fonamental en el moment actual.[\/et_pb_text][\/et_pb_column][\/et_pb_row][et_pb_row column_structure=&#8221;3_5,2_5&#8243; use_custom_gutter=&#8221;on&#8221; _builder_version=&#8221;4.21.0&#8243; _module_preset=&#8221;default&#8221; custom_margin=&#8221;10px||60px||false|false&#8221; custom_padding=&#8221;40px|44px|40px|44px|true|true&#8221; custom_css_main_element=&#8221;display: flex;||align-items: center;&#8221; box_shadow_style=&#8221;preset3&#8243; box_shadow_blur=&#8221;53px&#8221; box_shadow_spread=&#8221;-7px&#8221; box_shadow_color=&#8221;rgba(0,0,0,0.2)&#8221; global_colors_info=&#8221;{}&#8221; custom_css_main_element_tablet=&#8221;display: block;&#8221; custom_css_main_element_last_edited=&#8221;on|tablet&#8221; custom_css_main_element_phone=&#8221;display: block;&#8221;][et_pb_column type=&#8221;3_5&#8243; _builder_version=&#8221;4.21.0&#8243; _module_preset=&#8221;default&#8221; global_colors_info=&#8221;{}&#8221;][et_pb_text _builder_version=&#8221;4.21.0&#8243; _module_preset=&#8221;default&#8221; header_2_font=&#8221;Frank Ruhl Libre||||||||&#8221; header_3_font=&#8221;Frank Ruhl Libre|700|||||||&#8221; header_3_font_size=&#8221;24px&#8221; hover_enabled=&#8221;0&#8243; global_colors_info=&#8221;{}&#8221; sticky_enabled=&#8221;0&#8243;]<\/p>\n<h3 style=\"margin-bottom: 10px;\">3. Fiscalitat i estat del benestar.<\/h3>\n<p>La crisi ha posat sobre la taula la sostenibilitat de l\u2019estat del benestar. De fet, la crisi ha aguditzat i en algunes ocasions ha servit de pretext per plantejar un debat ja preexistent. Mai no \u00e9s aconsellable adoptar solucions a problemes estructurals en funci\u00f3 de les urg\u00e8ncies conjunturals. I aix\u00f2 val tamb\u00e9 per a aquesta q\u00fcesti\u00f3, per molt que sembli evident que la crisi modificar\u00e0 alguns dels par\u00e0metres estructurals que s\u00f3n anteriors (per exemple, el creixement potencial del PIB i, aix\u00ed, el nivell de recursos p\u00fablics que podr\u00edem considerar \u201cnatural\u201d). En qualsevol cas, el debat sobre el futur de l\u2019estat del benestar \u00e9s, sens dubte, un dels grans debats que tenim sobre la taula, i davant del qual tan negatives s\u00f3n les posicions de defensa aferrissada, com les que, d\u2019una manera m\u00e9s o menys encoberta, sembla que en propicien el desmantellament. Nom\u00e9s una actitud decididament reformista permetr\u00e0 consolidar i refor\u00e7ar el nucli b\u00e0sic de l\u2019estat del benestar. Els pa\u00efsos n\u00f2rdics, que combinen competitivitat i estat del benestar, s\u00f3n un bon punt de refer\u00e8ncia. Molt sovint el debat pol\u00edtic condueix a una gran simplificaci\u00f3 de les alternatives reals, sobre augments o reducci\u00f3 de serveis p\u00fablics i imposici\u00f3. En qualsevol cas, cap estat del benestar no \u00e9s factible, ni sostenible, sense un ampli consens pol\u00edtic i social sobre la fiscalitat i els serveis p\u00fablics, at\u00e8s que en definitiva se sustenta en un acord de transfer\u00e8ncies de renda (entre sectors socials i generacions) que nom\u00e9s \u00e9s sostenible si resulta benefici\u00f3s per a tothom.[\/et_pb_text][\/et_pb_column][et_pb_column type=&#8221;2_5&#8243; _builder_version=&#8221;4.21.0&#8243; _module_preset=&#8221;default&#8221; global_colors_info=&#8221;{}&#8221;][et_pb_image src=&#8221;http:\/\/europeg.com\/wp-content\/uploads\/2023\/05\/Estado-del-Bienestar.jpg&#8221; title_text=&#8221;Estado-del-Bienestar&#8221; _builder_version=&#8221;4.21.0&#8243; _module_preset=&#8221;default&#8221; box_shadow_style=&#8221;preset4&#8243; box_shadow_horizontal=&#8221;8px&#8221; box_shadow_vertical=&#8221;8px&#8221; box_shadow_blur=&#8221;2px&#8221; box_shadow_color=&#8221;#2084c0&#8243; global_colors_info=&#8221;{}&#8221;][\/et_pb_image][\/et_pb_column][\/et_pb_row][\/et_pb_section]<\/p>\n","protected":false},"excerpt":{"rendered":"<p>L\u00ednies de treball estrat\u00e8giques EuropeG basa la seva activitat en tres \u00e0mplies l\u00ednies d\u2019an\u00e0lisi.1.- La crisi de l\u2019euro i el futur de la UE. L\u2019actual crisi ha posat de manifest, amb tota la seva cruesa, les limitacions a qu\u00e8 s\u2019enfronta la zona euro tal com est\u00e0 dissenyada actualment. Sobretot, ha mostrat els desequilibris que pot [&hellip;]<\/p>\n","protected":false},"author":3,"featured_media":0,"parent":0,"menu_order":0,"comment_status":"closed","ping_status":"closed","template":"","meta":{"_acf_changed":false,"_et_pb_use_builder":"on","_et_pb_old_content":"<!-- wp:heading {\"level\":3} -->\n<h3 class=\"wp-block-heading\">EuropeG basa su actividad en tres amplias l\u00edneas de an\u00e1lisis:<\/h3>\n<!-- \/wp:heading -->\n\n<!-- wp:separator -->\n<hr class=\"wp-block-separator has-alpha-channel-opacity\"\/>\n<!-- \/wp:separator -->\n\n<!-- wp:paragraph -->\n<p><strong>La crisis del euro y el futuro de la UE.<\/strong><br>La actual crisis ha puesto de manifiesto, con toda su crudeza, las limitaciones a las que se enfrenta la zona euro tal y como est\u00e1 dise\u00f1ada actualmente. En especial, ha mostrado los desequilibrios que puede provocar una integraci\u00f3n monetaria, sin la necesaria integraci\u00f3n presupuestaria e institucional, y con un mercado europeo en el que la movilidad de factores y la integraci\u00f3n real de algunos mercados, no es la que prescribir\u00eda la existencia de un \u00e1rea monetaria \u00f3ptima. La opini\u00f3n, el debate y la reflexi\u00f3n sobre los l\u00edmites de una uni\u00f3n monetaria incompleta (y, en particular, sobre la necesidad de que la integraci\u00f3n monetaria vaya acompa\u00f1ada de la necesaria integraci\u00f3n pol\u00edtica e institucional) es hoy un tema crucial estrat\u00e9gicamente para el futuro de la econom\u00eda europea. A esta cuesti\u00f3n, hay que a\u00f1adir, casi de forma indisociable, la de la pol\u00edtica econ\u00f3mica apropiada frente a la crisis, y en concreto el equilibrio apropiado entre austeridad (y consolidaci\u00f3n fiscal), por una parte, y est\u00edmulo al crecimiento econ\u00f3mico, por otra. Sabiendo hasta que punto, evidentemente, estas dos cuestiones se hallan \u00edntimamente entrelazadas.<\/p>\n<!-- \/wp:paragraph -->\n\n<!-- wp:image {\"align\":\"left\",\"id\":31} -->\n<figure class=\"wp-block-image alignleft\"><img src=\"http:\/\/europeg.com\/wp-content\/uploads\/2011\/11\/modelo.png\" alt=\"\" class=\"wp-image-31\"\/><\/figure>\n<!-- \/wp:image -->\n\n<!-- wp:paragraph -->\n<p><strong>La salida de la crisis econ\u00f3mica en Espa\u00f1a y la transformaci\u00f3n del modelo de competitividad.<\/strong><br>En el caso concreto de Espa\u00f1a y Catalu\u00f1a, la salida de la crisis s\u00f3lo es posible con un proyecto real de ajuste y reformas, que permita no s\u00f3lo resolver los desequilibrios b\u00e1sicos, sino desarrollar un cambio profundo en el modelo de competitividad de nuestra econom\u00eda. Este cambio, en buena medida, se est\u00e1 ya produciendo en la realidad. Examinar los vectores b\u00e1sicos de esta transformaci\u00f3n y analizar las corrientes de fondo que se est\u00e1n produciendo en la econom\u00eda ya durante estos a\u00f1os resulta fundamental. Como lo es subrayar los fundamentos reales, y en numerosos casos mucho m\u00e1s positivos de lo que el clima ambiental da a entender, para abordar estas transformaciones. Finalmente, en esta l\u00ednea estrat\u00e9gica, es indispensable subrayar la importancia decisiva de los factores pol\u00edticos: los sacrificios que requieren los ajustes s\u00f3lo son factibles con unas condiciones pol\u00edticas imprescindibles: liderazgo, proyecto, credibilidad, pactos y consensos. Es por ello que la construcci\u00f3n de un relato de salida de la crisis que analice y explique los ajustes y reformas que deben llevarse a cabo para corregir los desequilibrios b\u00e1sicos de la econom\u00eda espa\u00f1ola es un aspecto fundamental en el momento actual.<\/p>\n<!-- \/wp:paragraph -->\n\n<!-- wp:image {\"align\":\"left\",\"id\":32} -->\n<figure class=\"wp-block-image alignleft\"><img src=\"http:\/\/europeg.com\/wp-content\/uploads\/2011\/11\/bienestar.png\" alt=\"\" class=\"wp-image-32\"\/><\/figure>\n<!-- \/wp:image -->\n\n<!-- wp:paragraph -->\n<p><strong>Fiscalidad y Estado de bienestar.<\/strong><br>La crisis ha puesto sobre la mesa la sostenibilidad del Estado de bienestar. De hecho, la crisis ha agudizado y en algunas ocasiones ha servido de pretexto para plantear un debate ya preexistente. Nunca es aconsejable adoptar soluciones a problemas estructurales en funci\u00f3n de urgencias coyunturales. Y esto vale tambi\u00e9n para esta cuesti\u00f3n, por mucho que parezca evidente que la crisis va a modificar algunos de los par\u00e1metros estructurales anteriores a la misma (por ejemplo, el crecimiento potencial del PIB y, por consiguiente, el nivel de recursos p\u00fablicos que podr\u00edamos considerar \u2018natural\u2019). En cualquier caso, el debate sobre el futuro del Estado del bienestar es, sin duda, uno de los grandes debates que tenemos encima de la mesa, y frente al cual tan negativas son las posiciones de defensa numantina, como las que, de forma m\u00e1s o menos encubierta, parecen propiciar su desmantelamiento. S\u00f3lo una actitud decididamente reformista permitir\u00e1 consolidar y reforzar el n\u00facleo b\u00e1sico del Estado del bienestar. Los pa\u00edses n\u00f3rdicos, que combinan como pocos competitividad y Estado del bienestar, son un buen punto de referencia. Muy a menudo el debate pol\u00edtico conduce a una gran simplificaci\u00f3n de las alternativas reales, sobre aumentos o reducci\u00f3n de servicios p\u00fablicos e imposici\u00f3n. En cualquier caso, ning\u00fan Estado del bienestar no es factible, ni sostenible, sin un amplio consenso pol\u00edtico y social sobre la fiscalidad y los servicios p\u00fablicos, puesto que en definitiva se sustenta en un acuerdo de transferencias de renta (entre sectores sociales y generaciones) que s\u00f3lo es sostenible si resulta beneficioso para todos.<\/p>\n<!-- \/wp:paragraph -->","_et_gb_content_width":"","cybocfi_hide_featured_image":"","footnotes":""},"class_list":["post-1706","page","type-page","status-publish","hentry"],"acf":[],"_links":{"self":[{"href":"https:\/\/europeg.com\/ca\/wp-json\/wp\/v2\/pages\/1706","targetHints":{"allow":["GET"]}}],"collection":[{"href":"https:\/\/europeg.com\/ca\/wp-json\/wp\/v2\/pages"}],"about":[{"href":"https:\/\/europeg.com\/ca\/wp-json\/wp\/v2\/types\/page"}],"author":[{"embeddable":true,"href":"https:\/\/europeg.com\/ca\/wp-json\/wp\/v2\/users\/3"}],"replies":[{"embeddable":true,"href":"https:\/\/europeg.com\/ca\/wp-json\/wp\/v2\/comments?post=1706"}],"version-history":[{"count":3,"href":"https:\/\/europeg.com\/ca\/wp-json\/wp\/v2\/pages\/1706\/revisions"}],"predecessor-version":[{"id":1711,"href":"https:\/\/europeg.com\/ca\/wp-json\/wp\/v2\/pages\/1706\/revisions\/1711"}],"wp:attachment":[{"href":"https:\/\/europeg.com\/ca\/wp-json\/wp\/v2\/media?parent=1706"}],"curies":[{"name":"wp","href":"https:\/\/api.w.org\/{rel}","templated":true}]}}