{"id":1687,"date":"2023-06-14T15:44:57","date_gmt":"2023-06-14T15:44:57","guid":{"rendered":"http:\/\/europeg.com\/2023\/presentacion-y-objetivos\/"},"modified":"2023-06-20T14:38:39","modified_gmt":"2023-06-20T14:38:39","slug":"presentacio-i-objectius","status":"publish","type":"page","link":"https:\/\/europeg.com\/ca\/presentacio-i-objectius\/","title":{"rendered":"Presentaci\u00f3 i objectius"},"content":{"rendered":"<p>[et_pb_section fb_built=&#8221;1&#8243; _builder_version=&#8221;4.20.4&#8243; _module_preset=&#8221;default&#8221; background_enable_color=&#8221;off&#8221; use_background_color_gradient=&#8221;on&#8221; background_color_gradient_stops=&#8221;rgba(0,53,107,0.6) 0%|rgba(0,53,107,0.6) 100%&#8221; background_color_gradient_overlays_image=&#8221;on&#8221; background_image=&#8221;http:\/\/europeg.com\/wp-content\/uploads\/2023\/04\/policy_fons.webp&#8221; parallax=&#8221;on&#8221; custom_padding=&#8221;85px||85px||true|false&#8221; global_colors_info=&#8221;{}&#8221;][et_pb_row _builder_version=&#8221;4.20.4&#8243; _module_preset=&#8221;default&#8221; global_colors_info=&#8221;{}&#8221;][et_pb_column type=&#8221;4_4&#8243; _builder_version=&#8221;4.20.4&#8243; _module_preset=&#8221;default&#8221; global_colors_info=&#8221;{}&#8221;][et_pb_text _builder_version=&#8221;4.20.4&#8243; _module_preset=&#8221;default&#8221; header_2_font=&#8221;Frank Ruhl Libre||||||||&#8221; header_2_text_color=&#8221;#FFFFFF&#8221; header_2_font_size=&#8221;48px&#8221; text_orientation=&#8221;center&#8221; global_colors_info=&#8221;{}&#8221;]<\/p>\n<h2>Presentaci\u00f3 i Objectius<\/h2>\n<p>[\/et_pb_text][\/et_pb_column][\/et_pb_row][\/et_pb_section][et_pb_section fb_built=&#8221;1&#8243; admin_label=&#8221;section&#8221; _builder_version=&#8221;4.21.0&#8243; custom_padding=&#8221;||||false|false&#8221; global_colors_info=&#8221;{}&#8221;][et_pb_row admin_label=&#8221;row&#8221; _builder_version=&#8221;4.21.0&#8243; background_size=&#8221;initial&#8221; background_position=&#8221;top_left&#8221; background_repeat=&#8221;repeat&#8221; global_colors_info=&#8221;{}&#8221;][et_pb_column type=&#8221;4_4&#8243; _builder_version=&#8221;4.16&#8243; custom_padding=&#8221;|||&#8221; global_colors_info=&#8221;{}&#8221; custom_padding__hover=&#8221;|||&#8221;][et_pb_image src=&#8221;http:\/\/europeg.com\/wp-content\/uploads\/2023\/04\/europeg.png&#8221; title_text=&#8221;europeg&#8221; align=&#8221;center&#8221; _builder_version=&#8221;4.21.0&#8243; _module_preset=&#8221;default&#8221; width=&#8221;320px&#8221; global_colors_info=&#8221;{}&#8221;][\/et_pb_image][et_pb_text admin_label=&#8221;Text&#8221; _builder_version=&#8221;4.21.0&#8243; background_size=&#8221;initial&#8221; background_position=&#8221;top_left&#8221; background_repeat=&#8221;repeat&#8221; hover_enabled=&#8221;0&#8243; global_colors_info=&#8221;{}&#8221; sticky_enabled=&#8221;0&#8243;]<\/p>\n<p><strong>EuropeG<\/strong> es crea l&#8217;any 2011 dins el marc de la Fundaci\u00f3 IEB amb el suport d&#8217;Obra Social &#8220;la Caixa&#8221;, Abertis, Gas Natural Fenosa, Fundaci\u00f3 Agbar, Agrolimen i Grupo Planeta. EuropeG neix amb vocaci\u00f3 de contribuir a la creaci\u00f3 i la divulgaci\u00f3 d&#8217;opini\u00f3 qualificada sobre temes que siguin considerats especialment rellevants en l&#8217;\u00e0mbit de l&#8217;economia i l&#8217;orientaci\u00f3 de la pol\u00edtica econ\u00f2mica a Catalunya, Espanya i Europa. L&#8217;objectiu \u00e9s analitzar i oferir propostes als actors rellevants als \u00e0mbits institucional, econ\u00f2mic, social i pol\u00edtic.<\/p>\n<p>Per a aquesta funci\u00f3, es nodrir\u00e0 de la investigaci\u00f3 realitzada per centres de recerca i per departaments universitaris, aix\u00ed com de les aportacions dels seus membres. EuropeG pret\u00e9n establir-se com a pont, rigor\u00f3s i amb un elevat capital de credibilitat i prestigi entre el m\u00f3n acad\u00e8mic i l&#8217;opini\u00f3 p\u00fablica. EuropeG ha de contribuir a crear consensos b\u00e0sics i transversals en els temes en qu\u00e8 intervingui i intentar\u00e0 exercir una tasca de lideratge en el terreny del pensament.<\/p>\n<p>[\/et_pb_text][\/et_pb_column][\/et_pb_row][\/et_pb_section]<\/p>\n","protected":false},"excerpt":{"rendered":"<p>Presentaci\u00f3 i ObjectiusEuropeG es crea l&#8217;any 2011 dins el marc de la Fundaci\u00f3 IEB amb el suport d&#8217;Obra Social &#8220;la Caixa&#8221;, Abertis, Gas Natural Fenosa, Fundaci\u00f3 Agbar, Agrolimen i Grupo Planeta. EuropeG neix amb vocaci\u00f3 de contribuir a la creaci\u00f3 i la divulgaci\u00f3 d&#8217;opini\u00f3 qualificada sobre temes que siguin considerats especialment rellevants en l&#8217;\u00e0mbit de [&hellip;]<\/p>\n","protected":false},"author":3,"featured_media":0,"parent":0,"menu_order":0,"comment_status":"closed","ping_status":"closed","template":"","meta":{"_acf_changed":false,"_et_pb_use_builder":"on","_et_pb_old_content":"<!-- wp:shortcode -->\n[et_pb_section fb_built=\"1\" _builder_version=\"4.20.4\" _module_preset=\"default\" background_enable_color=\"off\" use_background_color_gradient=\"on\" background_color_gradient_stops=\"rgba(0,53,107,0.6) 0%|rgba(0,53,107,0.6) 100%\" background_color_gradient_overlays_image=\"on\" background_image=\"http:\/\/europeg.com\/wp-content\/uploads\/2023\/04\/policy_fons.webp\" parallax=\"on\" custom_padding=\"85px||85px||true|false\" global_colors_info=\"{}\"][et_pb_row _builder_version=\"4.20.4\" _module_preset=\"default\" global_colors_info=\"{}\"][et_pb_column type=\"4_4\" _builder_version=\"4.20.4\" _module_preset=\"default\" global_colors_info=\"{}\"][et_pb_text _builder_version=\"4.20.4\" _module_preset=\"default\" header_2_font=\"Frank Ruhl Libre||||||||\" header_2_text_color=\"#FFFFFF\" header_2_font_size=\"48px\" text_orientation=\"center\" global_colors_info=\"{}\"]\n<h2>Presentaci\u00f3n y Objetivos<\/h2>\n[\/et_pb_text][\/et_pb_column][\/et_pb_row][\/et_pb_section]\n<!-- \/wp:shortcode -->\n\n<!-- wp:shortcode -->\n[et_pb_section fb_built=\"1\" admin_label=\"section\" _builder_version=\"4.20.4\" hover_enabled=\"0\" global_colors_info=\"{}\" custom_padding=\"||0px||false|false\" sticky_enabled=\"0\"][et_pb_row admin_label=\"row\" _builder_version=\"4.16\" background_size=\"initial\" background_position=\"top_left\" background_repeat=\"repeat\" global_colors_info=\"{}\"][et_pb_column type=\"4_4\" _builder_version=\"4.16\" custom_padding=\"|||\" global_colors_info=\"{}\" custom_padding__hover=\"|||\"][et_pb_text admin_label=\"Text\" _builder_version=\"4.16\" background_size=\"initial\" background_position=\"top_left\" background_repeat=\"repeat\" global_colors_info=\"{}\"]\n\n<b>EuropeG<\/b> se crea en el a\u00f1o 2011 en el marco de la Fundaci\u00f3n IEB con el apoyo de Obra Social \"la Caixa\", Abertis, Gas Natural Fenosa, Fundaci\u00f3 Agbar, Agrolimen y Grupo Planeta. EuropeG nace con vocaci\u00f3n de contribuir a la creaci\u00f3n y divulgaci\u00f3n de opini\u00f3n cualificada sobre temas que sean considerados especialmente relevantes en el \u00e1mbito de la econom\u00eda y la orientaci\u00f3n de la pol\u00edtica econ\u00f3mica en Catalu\u00f1a, Espa\u00f1a y Europa. El objetivo es analizar y ofrecer propuestas a los actores relevantes en los \u00e1mbitos institucional, econ\u00f3mico, social y pol\u00edtico.\n\nPara esta funci\u00f3n se nutrir\u00e1 de la investigaci\u00f3n realizada por centros de investigaci\u00f3n y por departamentos universitarios, as\u00ed como de las aportaciones de sus miembros. EuropeG pretende establecerse como puente, riguroso y con un elevado capital de credibilidad y prestigio, entre el mundo acad\u00e9mico y la opini\u00f3n p\u00fablica. EuropeG debe contribuir a crear consensos b\u00e1sicos y transversales en los temas en los que intervenga y tratar\u00e1 de ejercer una tarea de liderazgo en el terreno del pensamiento.\n\n[\/et_pb_text][\/et_pb_column][\/et_pb_row][\/et_pb_section]\n<!-- \/wp:shortcode -->","_et_gb_content_width":"","cybocfi_hide_featured_image":"","footnotes":""},"class_list":["post-1687","page","type-page","status-publish","hentry"],"acf":[],"_links":{"self":[{"href":"https:\/\/europeg.com\/ca\/wp-json\/wp\/v2\/pages\/1687","targetHints":{"allow":["GET"]}}],"collection":[{"href":"https:\/\/europeg.com\/ca\/wp-json\/wp\/v2\/pages"}],"about":[{"href":"https:\/\/europeg.com\/ca\/wp-json\/wp\/v2\/types\/page"}],"author":[{"embeddable":true,"href":"https:\/\/europeg.com\/ca\/wp-json\/wp\/v2\/users\/3"}],"replies":[{"embeddable":true,"href":"https:\/\/europeg.com\/ca\/wp-json\/wp\/v2\/comments?post=1687"}],"version-history":[{"count":3,"href":"https:\/\/europeg.com\/ca\/wp-json\/wp\/v2\/pages\/1687\/revisions"}],"predecessor-version":[{"id":1691,"href":"https:\/\/europeg.com\/ca\/wp-json\/wp\/v2\/pages\/1687\/revisions\/1691"}],"wp:attachment":[{"href":"https:\/\/europeg.com\/ca\/wp-json\/wp\/v2\/media?parent=1687"}],"curies":[{"name":"wp","href":"https:\/\/api.w.org\/{rel}","templated":true}]}}